{"id":163,"date":"2024-02-27T05:57:47","date_gmt":"2024-02-27T05:57:47","guid":{"rendered":"https:\/\/skopunarsetrid.is\/?page_id=163"},"modified":"2025-10-26T23:40:19","modified_gmt":"2025-10-26T23:40:19","slug":"hafa-samband","status":"publish","type":"page","link":"https:\/\/skopunarsetrid.is\/index.php\/hafa-samband\/","title":{"rendered":"Hafa samband"},"content":{"rendered":"\n<p>Vi\u00f0 viljum heyra fr\u00e1 \u00fe\u00e9r!<\/p>\n\n\n\n<p>Vinsamlegast fylltu \u00fat formi\u00f0 og \u00fdttu \u00e1 senda og vi\u00f0 sv\u00f6rum eins flj\u00f3tt og vi\u00f0 getum.<\/p>\n\n\n<div class=\"wp-block-jetpack-contact-form is-layout-flex wp-container-jetpack-contact-form-is-layout-b7ed9015 wp-block-jetpack-contact-form-is-layout-flex\"><a href=\"https:\/\/skopunarsetrid.is\/index.php\/hafa-samband\/\" target=\"_blank\" rel=\"noopener noreferrer\">Submit a form.<\/a><\/div>\n\n\n<p><\/p>\n","protected":false},"excerpt":{"rendered":"<p>Vi\u00f0 viljum heyra fr\u00e1 \u00fe\u00e9r! Vinsamlegast fylltu \u00fat formi\u00f0 og \u00fdttu \u00e1 senda og vi\u00f0 sv\u00f6rum eins flj\u00f3tt og vi\u00f0 getum.<\/p>\n","protected":false},"author":1,"featured_media":0,"parent":0,"menu_order":0,"comment_status":"closed","ping_status":"closed","template":"","meta":{"jetpack_post_was_ever_published":false,"footnotes":""},"class_list":["post-163","page","type-page","status-publish","hentry"],"jetpack-related-posts":[],"jetpack_sharing_enabled":true,"_links":{"self":[{"href":"https:\/\/skopunarsetrid.is\/index.php\/wp-json\/wp\/v2\/pages\/163","targetHints":{"allow":["GET"]}}],"collection":[{"href":"https:\/\/skopunarsetrid.is\/index.php\/wp-json\/wp\/v2\/pages"}],"about":[{"href":"https:\/\/skopunarsetrid.is\/index.php\/wp-json\/wp\/v2\/types\/page"}],"author":[{"embeddable":true,"href":"https:\/\/skopunarsetrid.is\/index.php\/wp-json\/wp\/v2\/users\/1"}],"replies":[{"embeddable":true,"href":"https:\/\/skopunarsetrid.is\/index.php\/wp-json\/wp\/v2\/comments?post=163"}],"version-history":[{"count":6,"href":"https:\/\/skopunarsetrid.is\/index.php\/wp-json\/wp\/v2\/pages\/163\/revisions"}],"predecessor-version":[{"id":522,"href":"https:\/\/skopunarsetrid.is\/index.php\/wp-json\/wp\/v2\/pages\/163\/revisions\/522"}],"wp:attachment":[{"href":"https:\/\/skopunarsetrid.is\/index.php\/wp-json\/wp\/v2\/media?parent=163"}],"curies":[{"name":"wp","href":"https:\/\/api.w.org\/{rel}","templated":true}]}}