{"id":249,"date":"2025-10-16T22:04:27","date_gmt":"2025-10-16T22:04:27","guid":{"rendered":"https:\/\/skopunarsetrid.is\/?page_id=249"},"modified":"2025-10-16T22:04:27","modified_gmt":"2025-10-16T22:04:27","slug":"heim","status":"publish","type":"page","link":"https:\/\/skopunarsetrid.is\/","title":{"rendered":"Heim"},"content":{"rendered":"\n<p class=\"has-larger-font-size\"><strong>Fyrir skapandi f\u00f3lk!<\/strong><\/p>\n\n\n\n<p class=\"has-medium-font-size\">Sk\u00f6punarsetri\u00f0 er lifandi og opi\u00f0 r\u00fdmi fyrir alla sem vilja skapa, hvort sem \u00fea\u00f0 er list, h\u00f6nnun, handverk e\u00f0a \u00f6nnur skapandi verkefni.<\/p>\n\n\n\n<p class=\"has-medium-font-size\">Markmi\u00f0i\u00f0 er a\u00f0 sty\u00f0ja vi\u00f0 einstaklinga innan skapandi greina me\u00f0 \u00fev\u00ed a\u00f0 bj\u00f3\u00f0a upp \u00e1 sameiginlegt vinnur\u00fdmi, samn\u00fdttan b\u00fana\u00f0 og vi\u00f0bur\u00f0i sem stu\u00f0la a\u00f0 sk\u00f6pun, samvinnu og tengslamyndun \u00ed frj\u00f3u og hvetjandi umhverfi \u00fear sem hugmyndir f\u00e1 a\u00f0 bl\u00f3mstra.<\/p>\n\n\n\n<p><\/p>\n","protected":false},"excerpt":{"rendered":"<p>Fyrir skapandi f\u00f3lk! Sk\u00f6punarsetri\u00f0 er lifandi og opi\u00f0 r\u00fdmi fyrir alla sem vilja skapa, hvort sem \u00fea\u00f0 er list, h\u00f6nnun, handverk e\u00f0a \u00f6nnur skapandi verkefni. Markmi\u00f0i\u00f0 er a\u00f0 sty\u00f0ja vi\u00f0 einstaklinga innan skapandi greina me\u00f0 \u00fev\u00ed a\u00f0 bj\u00f3\u00f0a upp \u00e1 sameiginlegt vinnur\u00fdmi, samn\u00fdttan b\u00fana\u00f0 og vi\u00f0bur\u00f0i sem stu\u00f0la a\u00f0 sk\u00f6pun, samvinnu og tengslamyndun \u00ed frj\u00f3u [&hellip;]<\/p>\n","protected":false},"author":1,"featured_media":0,"parent":0,"menu_order":0,"comment_status":"closed","ping_status":"closed","template":"","meta":{"jetpack_post_was_ever_published":false,"footnotes":""},"class_list":["post-249","page","type-page","status-publish","hentry"],"jetpack-related-posts":[],"jetpack_sharing_enabled":true,"_links":{"self":[{"href":"https:\/\/skopunarsetrid.is\/index.php\/wp-json\/wp\/v2\/pages\/249","targetHints":{"allow":["GET"]}}],"collection":[{"href":"https:\/\/skopunarsetrid.is\/index.php\/wp-json\/wp\/v2\/pages"}],"about":[{"href":"https:\/\/skopunarsetrid.is\/index.php\/wp-json\/wp\/v2\/types\/page"}],"author":[{"embeddable":true,"href":"https:\/\/skopunarsetrid.is\/index.php\/wp-json\/wp\/v2\/users\/1"}],"replies":[{"embeddable":true,"href":"https:\/\/skopunarsetrid.is\/index.php\/wp-json\/wp\/v2\/comments?post=249"}],"version-history":[{"count":1,"href":"https:\/\/skopunarsetrid.is\/index.php\/wp-json\/wp\/v2\/pages\/249\/revisions"}],"predecessor-version":[{"id":250,"href":"https:\/\/skopunarsetrid.is\/index.php\/wp-json\/wp\/v2\/pages\/249\/revisions\/250"}],"wp:attachment":[{"href":"https:\/\/skopunarsetrid.is\/index.php\/wp-json\/wp\/v2\/media?parent=249"}],"curies":[{"name":"wp","href":"https:\/\/api.w.org\/{rel}","templated":true}]}}