{"id":3,"date":"2024-02-23T19:55:56","date_gmt":"2024-02-23T19:55:56","guid":{"rendered":"https:\/\/skopunarsetrid.is\/?page_id=3"},"modified":"2026-01-07T10:56:54","modified_gmt":"2026-01-07T10:56:54","slug":"privacy-policy","status":"publish","type":"page","link":"https:\/\/skopunarsetrid.is\/index.php\/privacy-policy\/","title":{"rendered":"Skilm\u00e1lar"},"content":{"rendered":"\n<p><strong>Almennt<\/strong><\/p>\n\n\n\n<p>Me\u00f0 kaupum \u00e1 \u00e1skrift, dagspassa e\u00f0a vikupassa hj\u00e1 Sk\u00f6punarsetrinu sam\u00feykkir vi\u00f0skiptavinur eftirfarandi skilm\u00e1la.<\/p>\n\n\n\n<p><strong>Aldurstakmark<\/strong><\/p>\n\n\n\n<p>L\u00e1gmarksaldur \u00ed Sk\u00f6punarsetri\u00f0 er 16 \u00e1r, en s\u00ed\u00f0ar munum vi\u00f0 b\u00e6ta vi\u00f0 s\u00e9r t\u00edmum fyrir b\u00f6rn undir 16 \u00e1ra.<\/p>\n\n\n\n<p><strong>Pantanir og ver\u00f0<\/strong><\/p>\n\n\n\n<p>Sk\u00f6punarsetri\u00f0 \u00e1skilur s\u00e9r r\u00e9tt til a\u00f0 h\u00e6tta vi\u00f0 pantanir, me\u00f0al annars vegna rangra ver\u00f0uppl\u00fdsinga. Jafnframt \u00e1skilur Sk\u00f6punarsetri\u00f0 s\u00e9r r\u00e9tt til a\u00f0 breyta ver\u00f0um e\u00f0a h\u00e6tta a\u00f0 bj\u00f3\u00f0a upp \u00e1 tilteknar v\u00f6rur e\u00f0a \u00fej\u00f3nustu \u00e1n fyrirvara. Sk\u00f6punarsetri\u00f0 \u00e1skilur s\u00e9r einnig r\u00e9tt til a\u00f0 sta\u00f0festa pantanir s\u00edmlei\u00f0is ef \u00fe\u00f6rf krefur.<\/p>\n\n\n\n<p><strong>\u00c1skrift<\/strong><\/p>\n\n\n\n<p>\u00c1skrift er \u00f3t\u00edmabundin og endurn\u00fdjast sj\u00e1lfkrafa m\u00e1na\u00f0arlega nema henni s\u00e9 sagt upp. \u00c1skrift mi\u00f0ast vi\u00f0 einn einstakling og er me\u00f0 \u00f6llu \u00f3heimilt a\u00f0 deila \u00e1skrift, l\u00e1na a\u00f0gang e\u00f0a veita \u00f6\u00f0rum a\u00f0gang a\u00f0 a\u00f0st\u00f6\u00f0u Sk\u00f6punarsetursins undir eigin nafni.<\/p>\n\n\n\n<p>\u00c1skriftart\u00edmabil er einn m\u00e1nu\u00f0ur \u00ed senn og gildir fr\u00e1 5. degi m\u00e1na\u00f0ar til 4. dags n\u00e6sta m\u00e1na\u00f0ar.<br>\u00c1skriftargjald er innheimt 5. hvers m\u00e1na\u00f0ar \u00ed gegnum grei\u00f0sluhlekk sem sendur er me\u00f0 SMS.<\/p>\n\n\n\n<p>H\u00e6gt er a\u00f0 segja upp \u00e1skrift hven\u00e6r sem er. Uppsagnarfrestur er einn m\u00e1nu\u00f0ur og tekur upps\u00f6gn \u00fev\u00ed gildi a\u00f0 loknu n\u00e6sta heila \u00e1skriftart\u00edmabili eftir a\u00f0 upps\u00f6gn berst. \u00c1skrift er innheimt \u00e1 uppsagnarfresti samkv\u00e6mt gildandi ver\u00f0skr\u00e1.<\/p>\n\n\n\n<p><strong>Vikupassi<\/strong><\/p>\n\n\n\n<p>Vikupassi veitir a\u00f0gang \u00ed sj\u00f6 (7) daga samtals og er pers\u00f3nubundinn. Vikupassi er ekki bundinn vi\u00f0 \u00e1kve\u00f0inn dag e\u00f0a samfellda daga og m\u00e1 n\u00fdta hven\u00e6r sem er innan eins (1) m\u00e1na\u00f0ar fr\u00e1 kaupdegi.<\/p>\n\n\n\n<p>Me\u00f0 \u00f6llu er \u00f3heimilt a\u00f0 deila vikupassa, l\u00e1na a\u00f0gang e\u00f0a veita \u00f6\u00f0rum a\u00f0gang a\u00f0 a\u00f0st\u00f6\u00f0u Sk\u00f6punarsetursins undir eigin nafni.<\/p>\n\n\n\n<p><strong>Dagspassi<\/strong><\/p>\n\n\n\n<p>Dagspassi veitir a\u00f0gang \u00ed einn (1) dag samtals og er pers\u00f3nubundinn. Dagspassi er ekki bundinn vi\u00f0 \u00e1kve\u00f0inn dag og m\u00e1 n\u00fdta hven\u00e6r sem er innan eins (1) m\u00e1na\u00f0ar fr\u00e1 kaupdegi.<\/p>\n\n\n\n<p>Me\u00f0 \u00f6llu er \u00f3heimilt a\u00f0 deila dagspassa, l\u00e1na a\u00f0gang e\u00f0a veita \u00f6\u00f0rum a\u00f0gang a\u00f0 a\u00f0st\u00f6\u00f0u Sk\u00f6punarsetursins undir eigin nafni.<\/p>\n\n\n\n<p><strong>Reglur<\/strong><\/p>\n\n\n\n<p>Vi\u00f0skiptavinum ber skylda til a\u00f0 ganga vel um a\u00f0st\u00f6\u00f0u Sk\u00f6punarsetursins og eigur sta\u00f0arins. Allur b\u00fana\u00f0ur, \u00fear \u00e1 me\u00f0al: t\u00e6ki, bor\u00f0, st\u00f3lar, \u00e1h\u00f6ld og annar b\u00fana\u00f0ur, er \u00ed eigu Sk\u00f6punarsetursins og er me\u00f0 \u00f6llu \u00f3heimilt a\u00f0 fjarl\u00e6gja af sta\u00f0num.<\/p>\n\n\n\n<p>Brot \u00e1 \u00feessum reglum, \u00fear \u00e1 me\u00f0al \u00fej\u00f3fna\u00f0ur e\u00f0a skemmdarverk, var\u00f0a vi\u00f0 l\u00f6g og er allur \u00fej\u00f3fna\u00f0ur tilkynntur til l\u00f6greglu. Vi\u00f0skiptavinum ber a\u00f0 s\u00fdna vir\u00f0ingu gagnvart sta\u00f0num, b\u00fana\u00f0i og \u00f6\u00f0rum vi\u00f0skiptavinum. Brot \u00e1 skilm\u00e1lum \u00feessum getur leitt til tafarlauss brottreksturs \u00e1n endurgrei\u00f0slu.<\/p>\n\n\n\n<p><\/p>\n\n\n\n<p><\/p>\n","protected":false},"excerpt":{"rendered":"<p>Almennt Me\u00f0 kaupum \u00e1 \u00e1skrift, dagspassa e\u00f0a vikupassa hj\u00e1 Sk\u00f6punarsetrinu sam\u00feykkir vi\u00f0skiptavinur eftirfarandi skilm\u00e1la. Aldurstakmark L\u00e1gmarksaldur \u00ed Sk\u00f6punarsetri\u00f0 er 16 \u00e1r, en s\u00ed\u00f0ar munum vi\u00f0 b\u00e6ta vi\u00f0 s\u00e9r t\u00edmum fyrir b\u00f6rn undir 16 \u00e1ra. Pantanir og ver\u00f0 Sk\u00f6punarsetri\u00f0 \u00e1skilur s\u00e9r r\u00e9tt til a\u00f0 h\u00e6tta vi\u00f0 pantanir, me\u00f0al annars vegna rangra ver\u00f0uppl\u00fdsinga. Jafnframt \u00e1skilur Sk\u00f6punarsetri\u00f0 s\u00e9r [&hellip;]<\/p>\n","protected":false},"author":1,"featured_media":0,"parent":0,"menu_order":0,"comment_status":"closed","ping_status":"closed","template":"","meta":{"jetpack_post_was_ever_published":false,"footnotes":""},"class_list":["post-3","page","type-page","status-publish","hentry"],"jetpack-related-posts":[],"jetpack_sharing_enabled":true,"_links":{"self":[{"href":"https:\/\/skopunarsetrid.is\/index.php\/wp-json\/wp\/v2\/pages\/3","targetHints":{"allow":["GET"]}}],"collection":[{"href":"https:\/\/skopunarsetrid.is\/index.php\/wp-json\/wp\/v2\/pages"}],"about":[{"href":"https:\/\/skopunarsetrid.is\/index.php\/wp-json\/wp\/v2\/types\/page"}],"author":[{"embeddable":true,"href":"https:\/\/skopunarsetrid.is\/index.php\/wp-json\/wp\/v2\/users\/1"}],"replies":[{"embeddable":true,"href":"https:\/\/skopunarsetrid.is\/index.php\/wp-json\/wp\/v2\/comments?post=3"}],"version-history":[{"count":16,"href":"https:\/\/skopunarsetrid.is\/index.php\/wp-json\/wp\/v2\/pages\/3\/revisions"}],"predecessor-version":[{"id":901,"href":"https:\/\/skopunarsetrid.is\/index.php\/wp-json\/wp\/v2\/pages\/3\/revisions\/901"}],"wp:attachment":[{"href":"https:\/\/skopunarsetrid.is\/index.php\/wp-json\/wp\/v2\/media?parent=3"}],"curies":[{"name":"wp","href":"https:\/\/api.w.org\/{rel}","templated":true}]}}