{"id":469,"date":"2025-10-20T02:24:39","date_gmt":"2025-10-20T02:24:39","guid":{"rendered":"https:\/\/skopunarsetrid.is\/?page_id=469"},"modified":"2026-02-05T09:12:25","modified_gmt":"2026-02-05T09:12:25","slug":"verdskra","status":"publish","type":"page","link":"https:\/\/skopunarsetrid.is\/index.php\/verdskra\/","title":{"rendered":"Ver\u00f0skr\u00e1"},"content":{"rendered":"\n<p>Eftirfarandi ver\u00f0skr\u00e1 er \u00ed gildi. Sk\u00f6punarsetri\u00f0 \u00e1skilur s\u00e9r r\u00e9tt til a\u00f0 breyta henni \u00e1n fyrirvara.<\/p>\n\n\n\n<figure data-wp-context=\"{&quot;imageId&quot;:&quot;69e6145f78278&quot;}\" data-wp-interactive=\"core\/image\" data-wp-key=\"69e6145f78278\" class=\"wp-block-image size-full is-resized wp-lightbox-container\"><img data-recalc-dims=\"1\" loading=\"lazy\" decoding=\"async\" width=\"1414\" height=\"1999\" data-wp-class--hide=\"state.isContentHidden\" data-wp-class--show=\"state.isContentVisible\" data-wp-init=\"callbacks.setButtonStyles\" data-wp-on--click=\"actions.showLightbox\" data-wp-on--load=\"callbacks.setButtonStyles\" data-wp-on-window--resize=\"callbacks.setButtonStyles\" src=\"https:\/\/i0.wp.com\/skopunarsetrid.is\/wp-content\/uploads\/2026\/02\/1000008909.png?resize=1414%2C1999&#038;ssl=1\" alt=\"\" class=\"wp-image-984\" style=\"width:720px;height:auto\" srcset=\"https:\/\/i0.wp.com\/skopunarsetrid.is\/wp-content\/uploads\/2026\/02\/1000008909.png?w=1414&amp;ssl=1 1414w, https:\/\/i0.wp.com\/skopunarsetrid.is\/wp-content\/uploads\/2026\/02\/1000008909.png?resize=212%2C300&amp;ssl=1 212w, https:\/\/i0.wp.com\/skopunarsetrid.is\/wp-content\/uploads\/2026\/02\/1000008909.png?resize=724%2C1024&amp;ssl=1 724w, https:\/\/i0.wp.com\/skopunarsetrid.is\/wp-content\/uploads\/2026\/02\/1000008909.png?resize=768%2C1086&amp;ssl=1 768w, https:\/\/i0.wp.com\/skopunarsetrid.is\/wp-content\/uploads\/2026\/02\/1000008909.png?resize=1086%2C1536&amp;ssl=1 1086w, https:\/\/i0.wp.com\/skopunarsetrid.is\/wp-content\/uploads\/2026\/02\/1000008909.png?resize=600%2C848&amp;ssl=1 600w\" sizes=\"auto, (max-width: 1000px) 100vw, 1000px\" \/><button\n\t\t\tclass=\"lightbox-trigger\"\n\t\t\ttype=\"button\"\n\t\t\taria-haspopup=\"dialog\"\n\t\t\taria-label=\"Enlarge\"\n\t\t\tdata-wp-init=\"callbacks.initTriggerButton\"\n\t\t\tdata-wp-on--click=\"actions.showLightbox\"\n\t\t\tdata-wp-style--right=\"state.imageButtonRight\"\n\t\t\tdata-wp-style--top=\"state.imageButtonTop\"\n\t\t>\n\t\t\t<svg xmlns=\"http:\/\/www.w3.org\/2000\/svg\" width=\"12\" height=\"12\" fill=\"none\" viewBox=\"0 0 12 12\">\n\t\t\t\t<path fill=\"#fff\" d=\"M2 0a2 2 0 0 0-2 2v2h1.5V2a.5.5 0 0 1 .5-.5h2V0H2Zm2 10.5H2a.5.5 0 0 1-.5-.5V8H0v2a2 2 0 0 0 2 2h2v-1.5ZM8 12v-1.5h2a.5.5 0 0 0 .5-.5V8H12v2a2 2 0 0 1-2 2H8Zm2-12a2 2 0 0 1 2 2v2h-1.5V2a.5.5 0 0 0-.5-.5H8V0h2Z\" \/>\n\t\t\t<\/svg>\n\t\t<\/button><\/figure>\n","protected":false},"excerpt":{"rendered":"<p>Eftirfarandi ver\u00f0skr\u00e1 er \u00ed gildi. Sk\u00f6punarsetri\u00f0 \u00e1skilur s\u00e9r r\u00e9tt til a\u00f0 breyta henni \u00e1n fyrirvara.<\/p>\n","protected":false},"author":1,"featured_media":0,"parent":0,"menu_order":0,"comment_status":"closed","ping_status":"closed","template":"","meta":{"jetpack_post_was_ever_published":false,"footnotes":""},"class_list":["post-469","page","type-page","status-publish","hentry"],"jetpack-related-posts":[],"jetpack_sharing_enabled":true,"_links":{"self":[{"href":"https:\/\/skopunarsetrid.is\/index.php\/wp-json\/wp\/v2\/pages\/469","targetHints":{"allow":["GET"]}}],"collection":[{"href":"https:\/\/skopunarsetrid.is\/index.php\/wp-json\/wp\/v2\/pages"}],"about":[{"href":"https:\/\/skopunarsetrid.is\/index.php\/wp-json\/wp\/v2\/types\/page"}],"author":[{"embeddable":true,"href":"https:\/\/skopunarsetrid.is\/index.php\/wp-json\/wp\/v2\/users\/1"}],"replies":[{"embeddable":true,"href":"https:\/\/skopunarsetrid.is\/index.php\/wp-json\/wp\/v2\/comments?post=469"}],"version-history":[{"count":8,"href":"https:\/\/skopunarsetrid.is\/index.php\/wp-json\/wp\/v2\/pages\/469\/revisions"}],"predecessor-version":[{"id":985,"href":"https:\/\/skopunarsetrid.is\/index.php\/wp-json\/wp\/v2\/pages\/469\/revisions\/985"}],"wp:attachment":[{"href":"https:\/\/skopunarsetrid.is\/index.php\/wp-json\/wp\/v2\/media?parent=469"}],"curies":[{"name":"wp","href":"https:\/\/api.w.org\/{rel}","templated":true}]}}