{"id":539,"date":"2025-10-26T23:52:59","date_gmt":"2025-10-26T23:52:59","guid":{"rendered":"https:\/\/skopunarsetrid.is\/?page_id=539"},"modified":"2025-10-26T23:53:07","modified_gmt":"2025-10-26T23:53:07","slug":"personuverndarstefna","status":"publish","type":"page","link":"https:\/\/skopunarsetrid.is\/index.php\/personuverndarstefna\/","title":{"rendered":"Pers\u00f3nuverndarstefna"},"content":{"rendered":"\n<p><strong>Markmi\u00f0 og \u00e1byrg\u00f0ara\u00f0ili<\/strong><\/p>\n\n\n\n<p>Sk\u00f6punarsetri\u00f0 leggur \u00e1herslu \u00e1 a\u00f0 tryggja \u00f6ryggi og tr\u00fana\u00f0 pers\u00f3nuuppl\u00fdsinga \u00ed allri vinnslu gagna.<br>Vi\u00f0 vinnslu pers\u00f3nuuppl\u00fdsinga er fari\u00f0 eftir \u00e1kv\u00e6\u00f0um laga nr. 90\/2018 um pers\u00f3nuvernd og vinnslu pers\u00f3nuuppl\u00fdsinga, sem innlei\u00f0a Regluger\u00f0 Evr\u00f3pu\u00feingsins og r\u00e1\u00f0sins (ESB) 2016\/679 (GDPR) \u00ed \u00edslenskan r\u00e9tt.<\/p>\n\n\n\n<p>\u00c1byrg\u00f0ara\u00f0ili vinnslu pers\u00f3nuuppl\u00fdsinga er:<br><strong>Sk\u00f6punarsetri\u00f0<br><\/strong>Netfang: <a>hafasamband@skopunarsetrid.is<\/a><br>Vefur: skopunarsetrid.is<\/p>\n\n\n\n<p><strong>Hva\u00f0a uppl\u00fdsingum er safna\u00f0<\/strong><\/p>\n\n\n\n<p>Vi\u00f0 s\u00f6fnum a\u00f0eins \u00feeim pers\u00f3nuuppl\u00fdsingum sem nau\u00f0synlegar eru til a\u00f0 veita \u00fej\u00f3nustu okkar, halda sambandi vi\u00f0 notendur og sinna lagaskyldum okkar.<br>\u00deetta getur fali\u00f0 \u00ed s\u00e9r eftirfarandi uppl\u00fdsingar:<\/p>\n\n\n\n<ul class=\"wp-block-list\">\n<li>Nafn<\/li>\n\n\n\n<li>Netfang<\/li>\n\n\n\n<li>S\u00edman\u00famer (ef gefi\u00f0 upp)<\/li>\n\n\n\n<li>Uppl\u00fdsingar sem senda m\u00e1 \u00ed gegnum \u201eHafa samband\u201c og \u201eForsk\u00e1ningar\u201c form<\/li>\n\n\n\n<li>T\u00e6knilegar uppl\u00fdsingar (t.d. IP-t\u00f6lu og vafra) ef \u00fea\u00f0 er nau\u00f0synlegt til a\u00f0 tryggja \u00f6ryggi vefsins.<\/li>\n<\/ul>\n\n\n\n<p>Vi\u00f0 s\u00f6fnum ekki vi\u00f0kv\u00e6mum pers\u00f3nuuppl\u00fdsingum, svo sem heilbrig\u00f0isuppl\u00fdsingum e\u00f0a tr\u00faarsko\u00f0unum, nema me\u00f0 sk\u00fdru sam\u00feykki.<\/p>\n\n\n\n<p><strong>Lagalegur grundv\u00f6llur<\/strong><\/p>\n\n\n\n<p>Vinnsla pers\u00f3nuuppl\u00fdsinga hj\u00e1 Sk\u00f6punarsetrinu byggist \u00e1 eftirfarandi \u00e1kv\u00e6\u00f0um laga nr. 90\/2018:<\/p>\n\n\n\n<ul class=\"wp-block-list\">\n<li>8. gr. \u2013 Vinnsla skal vera l\u00f6gm\u00e6t, sanngj\u00f6rn og gagns\u00e6 gagnvart hinum skr\u00e1\u00f0a.<\/li>\n\n\n\n<li>9. gr. \u2013 Vinnsla er heimil ef h\u00fan byggist \u00e1 sam\u00feykki, samningi e\u00f0a l\u00f6gm\u00e6tu hagsmunamati.<\/li>\n\n\n\n<li>17. gr. \u2013 Einstaklingar eiga r\u00e9tt \u00e1 a\u00f0 f\u00e1 g\u00f6gn s\u00edn lei\u00f0r\u00e9tt e\u00f0a eytt (\u201er\u00e9ttur til a\u00f0 gleymast\u201c).<\/li>\n<\/ul>\n\n\n\n<p>Vi\u00f0 vinnum g\u00f6gn \u00e1 grundvelli sam\u00feykkis \u00feegar notandi fyllir \u00fat form, skr\u00e1ir sig \u00ed \u00e1skrift e\u00f0a hefur samband.<br>Vi\u00f0 notum ekki pers\u00f3nuuppl\u00fdsingar \u00ed marka\u00f0slegum tilgangi nema me\u00f0 sk\u00fdru sam\u00feykki.<\/p>\n\n\n\n<p><strong>Tilgangur vinnslu gagna<\/strong><\/p>\n\n\n\n<p>Uppl\u00fdsingar eru nota\u00f0ar til a\u00f0:<\/p>\n\n\n\n<ul class=\"wp-block-list\">\n<li>Svara fyrirspurnum<\/li>\n\n\n\n<li>Vinna \u00far forskr\u00e1ningum e\u00f0a p\u00f6ntunum<\/li>\n\n\n\n<li>Senda uppl\u00fdsingar um starfsemi Sk\u00f6punarsetursins (ef vi\u00f0komandi hefur sam\u00feykkt \u00fea\u00f0)<\/li>\n\n\n\n<li>B\u00e6ta \u00fej\u00f3nustu og samskipti vi\u00f0 gesti og notendur<\/li>\n\n\n\n<li>Tryggja \u00f6ryggi og rekjanleika vefsins.<\/li>\n<\/ul>\n\n\n\n<p><strong>Var\u00f0veisla og ey\u00f0ing gagna<\/strong><\/p>\n\n\n\n<p>Pers\u00f3nuuppl\u00fdsingar eru a\u00f0eins var\u00f0veittar eins lengi og nau\u00f0syn krefur \u00ed samr\u00e6mi vi\u00f0 23. gr. laga nr. 90\/2018.<br>\u00deegar uppl\u00fdsingarnar eru ekki lengur nau\u00f0synlegar til a\u00f0 uppfylla tilgang vinnslunnar eru \u00fe\u00e6r eyddar \u00e1 \u00f6ruggan h\u00e1tt.<br>\u00de\u00fa getur \u00f3ska\u00f0 eftir ey\u00f0ingu gagna me\u00f0 \u00fev\u00ed a\u00f0 senda t\u00f6lvup\u00f3st \u00e1 <a>hafasamband@skopunarsetrid.is<\/a><\/p>\n\n\n\n<p><strong>Mi\u00f0lun uppl\u00fdsinga til \u00feri\u00f0ja a\u00f0ila<\/strong><\/p>\n\n\n\n<p>Vi\u00f0 deilum ekki pers\u00f3nuuppl\u00fdsingum me\u00f0 \u00feri\u00f0ju a\u00f0ilum nema:<\/p>\n\n\n\n<ul class=\"wp-block-list\">\n<li>\u00dea\u00f0 s\u00e9 nau\u00f0synlegt til a\u00f0 veita \u00fej\u00f3nustu (t.d. h\u00fdsingar- e\u00f0a t\u00f6lvup\u00f3st\u00fej\u00f3nusta)<\/li>\n\n\n\n<li>\u00dea\u00f0 s\u00e9 krafist samkv\u00e6mt l\u00f6gum<\/li>\n\n\n\n<li>\u00de\u00fa hafir veitt sam\u00feykki fyrir \u00fev\u00ed.<\/li>\n<\/ul>\n\n\n\n<p>Allir \u00fej\u00f3nustua\u00f0ilar sem vi\u00f0 vinnum me\u00f0 uppfylla skilyr\u00f0i laga nr. 90\/2018 og GDPR og skuldbinda sig til a\u00f0 tryggja \u00f6ryggi gagna.<\/p>\n\n\n\n<p><strong>R\u00e9ttindi hins skr\u00e1\u00f0a<\/strong><\/p>\n\n\n\n<p>Samkv\u00e6mt 17.\u201320. gr. laga nr. 90\/2018 \u00e1tt \u00fe\u00fa r\u00e9tt \u00e1 a\u00f0:<\/p>\n\n\n\n<ul class=\"wp-block-list\">\n<li>F\u00e1 a\u00f0gang a\u00f0 eigin pers\u00f3nuuppl\u00fdsingum<\/li>\n\n\n\n<li>F\u00e1 g\u00f6gn lei\u00f0r\u00e9tt ef \u00feau eru r\u00f6ng e\u00f0a \u00f3fulln\u00e6gjandi<\/li>\n\n\n\n<li>\u00d3ska eftir ey\u00f0ingu gagna<\/li>\n\n\n\n<li>Takmarka vinnslu gagna<\/li>\n\n\n\n<li>Afturkalla sam\u00feykki \u00feitt hven\u00e6r sem er<\/li>\n<\/ul>\n\n\n\n<p>Til a\u00f0 n\u00fdta \u00feessi r\u00e9ttindi skaltu hafa samband vi\u00f0 <a>hafasamband@skopunarsetrid.is<\/a><\/p>\n\n\n\n<p><strong>\u00d6ryggi gagna<\/strong><\/p>\n\n\n\n<p>Vi\u00f0 notum t\u00e6knilegar og skipulagslegar r\u00e1\u00f0stafanir til a\u00f0 vernda g\u00f6gn gegn \u00f3vi\u00f0komandi a\u00f0gangi, breytingum e\u00f0a ey\u00f0ingu.<br>Allar sendingar \u00ed gegnum vefs\u00ed\u00f0u okkar fara um dulk\u00f3\u00f0a\u00f0a SSL-tengingu, og t\u00f6lvup\u00f3star eru geymdir \u00e1 \u00f6ruggum p\u00f3st\u00fej\u00f3num innan Evr\u00f3pska efnahagssv\u00e6\u00f0isins (EES).<\/p>\n\n\n\n<p><strong>Kvartanir<\/strong><\/p>\n\n\n\n<p>Ef \u00fe\u00fa telur a\u00f0 vinnsla pers\u00f3nuuppl\u00fdsinga fari ekki fram \u00ed samr\u00e6mi vi\u00f0 l\u00f6g getur\u00f0u leita\u00f0 til:<\/p>\n\n\n\n<p>Pers\u00f3nuvernd<br>Laugarvegur 166, 4.h\u00e6\u00f0, 105 Reykjav\u00edk, \u00cdsland<\/p>\n\n\n\n<p>S\u00edmi: 510 9600<\/p>\n\n\n\n<p>Netfang: postur@personuvernd.is<br>Vefur: <a>www.personuvernd.is<\/a><\/p>\n\n\n\n<p><strong>Breytingar \u00e1 pers\u00f3nuverndarstefnu<\/strong><\/p>\n\n\n\n<p>Stefna \u00feessi kann a\u00f0 ver\u00f0a uppf\u00e6r\u00f0 ef breytingar ver\u00f0a \u00e1 starfsemi e\u00f0a l\u00f6gum.<br>N\u00fdjustu \u00fatg\u00e1funa m\u00e1 \u00e1vallt finna \u00e1 heimas\u00ed\u00f0u Sk\u00f6punarsetursins.<\/p>\n\n\n\n<p><strong>Hafa samband<\/strong><\/p>\n\n\n\n<p>Ef \u00fe\u00fa hefur spurningar um pers\u00f3nuvernd e\u00f0a vinnslu gagna:<br><a>hafasamaband@skopunarsetrid.is<\/a><\/p>\n","protected":false},"excerpt":{"rendered":"<p>Markmi\u00f0 og \u00e1byrg\u00f0ara\u00f0ili Sk\u00f6punarsetri\u00f0 leggur \u00e1herslu \u00e1 a\u00f0 tryggja \u00f6ryggi og tr\u00fana\u00f0 pers\u00f3nuuppl\u00fdsinga \u00ed allri vinnslu gagna.Vi\u00f0 vinnslu pers\u00f3nuuppl\u00fdsinga er fari\u00f0 eftir \u00e1kv\u00e6\u00f0um laga nr. 90\/2018 um pers\u00f3nuvernd og vinnslu pers\u00f3nuuppl\u00fdsinga, sem innlei\u00f0a Regluger\u00f0 Evr\u00f3pu\u00feingsins og r\u00e1\u00f0sins (ESB) 2016\/679 (GDPR) \u00ed \u00edslenskan r\u00e9tt. \u00c1byrg\u00f0ara\u00f0ili vinnslu pers\u00f3nuuppl\u00fdsinga er:Sk\u00f6punarsetri\u00f0Netfang: hafasamband@skopunarsetrid.isVefur: skopunarsetrid.is Hva\u00f0a uppl\u00fdsingum er safna\u00f0 Vi\u00f0 s\u00f6fnum [&hellip;]<\/p>\n","protected":false},"author":1,"featured_media":0,"parent":0,"menu_order":0,"comment_status":"closed","ping_status":"closed","template":"","meta":{"jetpack_post_was_ever_published":false,"footnotes":""},"class_list":["post-539","page","type-page","status-publish","hentry"],"jetpack-related-posts":[],"jetpack_sharing_enabled":true,"_links":{"self":[{"href":"https:\/\/skopunarsetrid.is\/index.php\/wp-json\/wp\/v2\/pages\/539","targetHints":{"allow":["GET"]}}],"collection":[{"href":"https:\/\/skopunarsetrid.is\/index.php\/wp-json\/wp\/v2\/pages"}],"about":[{"href":"https:\/\/skopunarsetrid.is\/index.php\/wp-json\/wp\/v2\/types\/page"}],"author":[{"embeddable":true,"href":"https:\/\/skopunarsetrid.is\/index.php\/wp-json\/wp\/v2\/users\/1"}],"replies":[{"embeddable":true,"href":"https:\/\/skopunarsetrid.is\/index.php\/wp-json\/wp\/v2\/comments?post=539"}],"version-history":[{"count":2,"href":"https:\/\/skopunarsetrid.is\/index.php\/wp-json\/wp\/v2\/pages\/539\/revisions"}],"predecessor-version":[{"id":541,"href":"https:\/\/skopunarsetrid.is\/index.php\/wp-json\/wp\/v2\/pages\/539\/revisions\/541"}],"wp:attachment":[{"href":"https:\/\/skopunarsetrid.is\/index.php\/wp-json\/wp\/v2\/media?parent=539"}],"curies":[{"name":"wp","href":"https:\/\/api.w.org\/{rel}","templated":true}]}}