{"id":644,"date":"2025-11-29T16:41:11","date_gmt":"2025-11-29T16:41:11","guid":{"rendered":"https:\/\/skopunarsetrid.is\/?page_id=644"},"modified":"2026-03-01T19:41:59","modified_gmt":"2026-03-01T19:41:59","slug":"opnunartimi-2","status":"publish","type":"page","link":"https:\/\/skopunarsetrid.is\/index.php\/opnunartimi-2\/","title":{"rendered":"OPNUNART\u00cdMI"},"content":{"rendered":"\n<p>H\u00e9r a\u00f0 ne\u00f0an m\u00e1 sj\u00e1 opnunart\u00edma hvers m\u00e1na\u00f0ar fyrir sig<\/p>\n\n\n\n<p class=\"has-small-font-size\">ATH! Opnunart\u00edminn er birtur me\u00f0 fyrirvara um breytingar<\/p>\n\n\n\n<figure data-wp-context=\"{&quot;imageId&quot;:&quot;69e6148769054&quot;}\" data-wp-interactive=\"core\/image\" data-wp-key=\"69e6148769054\" class=\"wp-block-image size-large wp-lightbox-container\"><img data-recalc-dims=\"1\" loading=\"lazy\" decoding=\"async\" width=\"1024\" height=\"1024\" data-wp-class--hide=\"state.isContentHidden\" data-wp-class--show=\"state.isContentVisible\" data-wp-init=\"callbacks.setButtonStyles\" data-wp-on--click=\"actions.showLightbox\" data-wp-on--load=\"callbacks.setButtonStyles\" data-wp-on-window--resize=\"callbacks.setButtonStyles\" src=\"https:\/\/i0.wp.com\/skopunarsetrid.is\/wp-content\/uploads\/2026\/03\/9.png?resize=1024%2C1024&#038;ssl=1\" alt=\"\" class=\"wp-image-1030\" srcset=\"https:\/\/i0.wp.com\/skopunarsetrid.is\/wp-content\/uploads\/2026\/03\/9.png?resize=1024%2C1024&amp;ssl=1 1024w, https:\/\/i0.wp.com\/skopunarsetrid.is\/wp-content\/uploads\/2026\/03\/9.png?resize=300%2C300&amp;ssl=1 300w, https:\/\/i0.wp.com\/skopunarsetrid.is\/wp-content\/uploads\/2026\/03\/9.png?resize=150%2C150&amp;ssl=1 150w, https:\/\/i0.wp.com\/skopunarsetrid.is\/wp-content\/uploads\/2026\/03\/9.png?resize=768%2C768&amp;ssl=1 768w, https:\/\/i0.wp.com\/skopunarsetrid.is\/wp-content\/uploads\/2026\/03\/9.png?resize=600%2C600&amp;ssl=1 600w, https:\/\/i0.wp.com\/skopunarsetrid.is\/wp-content\/uploads\/2026\/03\/9.png?resize=100%2C100&amp;ssl=1 100w, https:\/\/i0.wp.com\/skopunarsetrid.is\/wp-content\/uploads\/2026\/03\/9.png?w=1080&amp;ssl=1 1080w\" sizes=\"auto, (max-width: 1000px) 100vw, 1000px\" \/><button\n\t\t\tclass=\"lightbox-trigger\"\n\t\t\ttype=\"button\"\n\t\t\taria-haspopup=\"dialog\"\n\t\t\taria-label=\"Enlarge\"\n\t\t\tdata-wp-init=\"callbacks.initTriggerButton\"\n\t\t\tdata-wp-on--click=\"actions.showLightbox\"\n\t\t\tdata-wp-style--right=\"state.imageButtonRight\"\n\t\t\tdata-wp-style--top=\"state.imageButtonTop\"\n\t\t>\n\t\t\t<svg xmlns=\"http:\/\/www.w3.org\/2000\/svg\" width=\"12\" height=\"12\" fill=\"none\" viewBox=\"0 0 12 12\">\n\t\t\t\t<path fill=\"#fff\" d=\"M2 0a2 2 0 0 0-2 2v2h1.5V2a.5.5 0 0 1 .5-.5h2V0H2Zm2 10.5H2a.5.5 0 0 1-.5-.5V8H0v2a2 2 0 0 0 2 2h2v-1.5ZM8 12v-1.5h2a.5.5 0 0 0 .5-.5V8H12v2a2 2 0 0 1-2 2H8Zm2-12a2 2 0 0 1 2 2v2h-1.5V2a.5.5 0 0 0-.5-.5H8V0h2Z\" \/>\n\t\t\t<\/svg>\n\t\t<\/button><\/figure>\n\n\n\n<p>\u00c1 opnunart\u00edma Sk\u00f6punarsetursins er alltaf eitthva\u00f0 \u00ed gangi. Bo\u00f0i\u00f0 er upp \u00e1 vinnustofur me\u00f0 efnivi\u00f0 innif\u00f6ldum. \u00c1 sama t\u00edma er r\u00fdmi\u00f0 opi\u00f0 fyrir frj\u00e1lsa sk\u00f6pun, fyrir \u00fe\u00e1 sem vilja vinna a\u00f0 eigin verkefnum.<\/p>\n\n\n\n<p>N\u00e1nar um opnunart\u00edma m\u00e1na\u00f0arins:<\/p>\n\n\n\n<div class=\"wp-block-columns is-layout-flex wp-container-core-columns-is-layout-28f84493 wp-block-columns-is-layout-flex\">\n<div class=\"wp-block-column is-layout-flow wp-block-column-is-layout-flow\">\n<figure data-wp-context=\"{&quot;imageId&quot;:&quot;69e6148769517&quot;}\" data-wp-interactive=\"core\/image\" data-wp-key=\"69e6148769517\" class=\"wp-block-image size-large wp-lightbox-container\"><img data-recalc-dims=\"1\" loading=\"lazy\" decoding=\"async\" width=\"1024\" height=\"1024\" data-wp-class--hide=\"state.isContentHidden\" data-wp-class--show=\"state.isContentVisible\" data-wp-init=\"callbacks.setButtonStyles\" data-wp-on--click=\"actions.showLightbox\" data-wp-on--load=\"callbacks.setButtonStyles\" data-wp-on-window--resize=\"callbacks.setButtonStyles\" src=\"https:\/\/i0.wp.com\/skopunarsetrid.is\/wp-content\/uploads\/2026\/03\/10-1.png?resize=1024%2C1024&#038;ssl=1\" alt=\"\" class=\"wp-image-1036\" srcset=\"https:\/\/i0.wp.com\/skopunarsetrid.is\/wp-content\/uploads\/2026\/03\/10-1.png?resize=1024%2C1024&amp;ssl=1 1024w, https:\/\/i0.wp.com\/skopunarsetrid.is\/wp-content\/uploads\/2026\/03\/10-1.png?resize=300%2C300&amp;ssl=1 300w, https:\/\/i0.wp.com\/skopunarsetrid.is\/wp-content\/uploads\/2026\/03\/10-1.png?resize=150%2C150&amp;ssl=1 150w, https:\/\/i0.wp.com\/skopunarsetrid.is\/wp-content\/uploads\/2026\/03\/10-1.png?resize=768%2C768&amp;ssl=1 768w, https:\/\/i0.wp.com\/skopunarsetrid.is\/wp-content\/uploads\/2026\/03\/10-1.png?resize=600%2C600&amp;ssl=1 600w, https:\/\/i0.wp.com\/skopunarsetrid.is\/wp-content\/uploads\/2026\/03\/10-1.png?resize=100%2C100&amp;ssl=1 100w, https:\/\/i0.wp.com\/skopunarsetrid.is\/wp-content\/uploads\/2026\/03\/10-1.png?w=1080&amp;ssl=1 1080w\" sizes=\"auto, (max-width: 1000px) 100vw, 1000px\" \/><button\n\t\t\tclass=\"lightbox-trigger\"\n\t\t\ttype=\"button\"\n\t\t\taria-haspopup=\"dialog\"\n\t\t\taria-label=\"Enlarge\"\n\t\t\tdata-wp-init=\"callbacks.initTriggerButton\"\n\t\t\tdata-wp-on--click=\"actions.showLightbox\"\n\t\t\tdata-wp-style--right=\"state.imageButtonRight\"\n\t\t\tdata-wp-style--top=\"state.imageButtonTop\"\n\t\t>\n\t\t\t<svg xmlns=\"http:\/\/www.w3.org\/2000\/svg\" width=\"12\" height=\"12\" fill=\"none\" viewBox=\"0 0 12 12\">\n\t\t\t\t<path fill=\"#fff\" d=\"M2 0a2 2 0 0 0-2 2v2h1.5V2a.5.5 0 0 1 .5-.5h2V0H2Zm2 10.5H2a.5.5 0 0 1-.5-.5V8H0v2a2 2 0 0 0 2 2h2v-1.5ZM8 12v-1.5h2a.5.5 0 0 0 .5-.5V8H12v2a2 2 0 0 1-2 2H8Zm2-12a2 2 0 0 1 2 2v2h-1.5V2a.5.5 0 0 0-.5-.5H8V0h2Z\" \/>\n\t\t\t<\/svg>\n\t\t<\/button><\/figure>\n<\/div>\n\n\n\n<div class=\"wp-block-column is-layout-flow wp-block-column-is-layout-flow\">\n<figure data-wp-context=\"{&quot;imageId&quot;:&quot;69e61487698d5&quot;}\" data-wp-interactive=\"core\/image\" data-wp-key=\"69e61487698d5\" class=\"wp-block-image size-large wp-lightbox-container\"><img data-recalc-dims=\"1\" loading=\"lazy\" decoding=\"async\" width=\"1024\" height=\"1024\" data-wp-class--hide=\"state.isContentHidden\" data-wp-class--show=\"state.isContentVisible\" data-wp-init=\"callbacks.setButtonStyles\" data-wp-on--click=\"actions.showLightbox\" data-wp-on--load=\"callbacks.setButtonStyles\" data-wp-on-window--resize=\"callbacks.setButtonStyles\" src=\"https:\/\/i0.wp.com\/skopunarsetrid.is\/wp-content\/uploads\/2026\/03\/11-1.png?resize=1024%2C1024&#038;ssl=1\" alt=\"\" class=\"wp-image-1037\" srcset=\"https:\/\/i0.wp.com\/skopunarsetrid.is\/wp-content\/uploads\/2026\/03\/11-1.png?resize=1024%2C1024&amp;ssl=1 1024w, https:\/\/i0.wp.com\/skopunarsetrid.is\/wp-content\/uploads\/2026\/03\/11-1.png?resize=300%2C300&amp;ssl=1 300w, https:\/\/i0.wp.com\/skopunarsetrid.is\/wp-content\/uploads\/2026\/03\/11-1.png?resize=150%2C150&amp;ssl=1 150w, https:\/\/i0.wp.com\/skopunarsetrid.is\/wp-content\/uploads\/2026\/03\/11-1.png?resize=768%2C768&amp;ssl=1 768w, https:\/\/i0.wp.com\/skopunarsetrid.is\/wp-content\/uploads\/2026\/03\/11-1.png?resize=600%2C600&amp;ssl=1 600w, https:\/\/i0.wp.com\/skopunarsetrid.is\/wp-content\/uploads\/2026\/03\/11-1.png?resize=100%2C100&amp;ssl=1 100w, https:\/\/i0.wp.com\/skopunarsetrid.is\/wp-content\/uploads\/2026\/03\/11-1.png?w=1080&amp;ssl=1 1080w\" sizes=\"auto, (max-width: 1000px) 100vw, 1000px\" \/><button\n\t\t\tclass=\"lightbox-trigger\"\n\t\t\ttype=\"button\"\n\t\t\taria-haspopup=\"dialog\"\n\t\t\taria-label=\"Enlarge\"\n\t\t\tdata-wp-init=\"callbacks.initTriggerButton\"\n\t\t\tdata-wp-on--click=\"actions.showLightbox\"\n\t\t\tdata-wp-style--right=\"state.imageButtonRight\"\n\t\t\tdata-wp-style--top=\"state.imageButtonTop\"\n\t\t>\n\t\t\t<svg xmlns=\"http:\/\/www.w3.org\/2000\/svg\" width=\"12\" height=\"12\" fill=\"none\" viewBox=\"0 0 12 12\">\n\t\t\t\t<path fill=\"#fff\" d=\"M2 0a2 2 0 0 0-2 2v2h1.5V2a.5.5 0 0 1 .5-.5h2V0H2Zm2 10.5H2a.5.5 0 0 1-.5-.5V8H0v2a2 2 0 0 0 2 2h2v-1.5ZM8 12v-1.5h2a.5.5 0 0 0 .5-.5V8H12v2a2 2 0 0 1-2 2H8Zm2-12a2 2 0 0 1 2 2v2h-1.5V2a.5.5 0 0 0-.5-.5H8V0h2Z\" \/>\n\t\t\t<\/svg>\n\t\t<\/button><\/figure>\n<\/div>\n<\/div>\n\n\n\n<div class=\"wp-block-columns is-layout-flex wp-container-core-columns-is-layout-28f84493 wp-block-columns-is-layout-flex\">\n<div class=\"wp-block-column is-layout-flow wp-block-column-is-layout-flow\">\n<figure data-wp-context=\"{&quot;imageId&quot;:&quot;69e6148769d29&quot;}\" data-wp-interactive=\"core\/image\" data-wp-key=\"69e6148769d29\" class=\"wp-block-image size-large wp-lightbox-container\"><img data-recalc-dims=\"1\" loading=\"lazy\" decoding=\"async\" width=\"1024\" height=\"1024\" data-wp-class--hide=\"state.isContentHidden\" data-wp-class--show=\"state.isContentVisible\" data-wp-init=\"callbacks.setButtonStyles\" data-wp-on--click=\"actions.showLightbox\" data-wp-on--load=\"callbacks.setButtonStyles\" data-wp-on-window--resize=\"callbacks.setButtonStyles\" src=\"https:\/\/i0.wp.com\/skopunarsetrid.is\/wp-content\/uploads\/2026\/03\/13-1.png?resize=1024%2C1024&#038;ssl=1\" alt=\"\" class=\"wp-image-1038\" srcset=\"https:\/\/i0.wp.com\/skopunarsetrid.is\/wp-content\/uploads\/2026\/03\/13-1.png?resize=1024%2C1024&amp;ssl=1 1024w, https:\/\/i0.wp.com\/skopunarsetrid.is\/wp-content\/uploads\/2026\/03\/13-1.png?resize=300%2C300&amp;ssl=1 300w, https:\/\/i0.wp.com\/skopunarsetrid.is\/wp-content\/uploads\/2026\/03\/13-1.png?resize=150%2C150&amp;ssl=1 150w, https:\/\/i0.wp.com\/skopunarsetrid.is\/wp-content\/uploads\/2026\/03\/13-1.png?resize=768%2C768&amp;ssl=1 768w, https:\/\/i0.wp.com\/skopunarsetrid.is\/wp-content\/uploads\/2026\/03\/13-1.png?resize=600%2C600&amp;ssl=1 600w, https:\/\/i0.wp.com\/skopunarsetrid.is\/wp-content\/uploads\/2026\/03\/13-1.png?resize=100%2C100&amp;ssl=1 100w, https:\/\/i0.wp.com\/skopunarsetrid.is\/wp-content\/uploads\/2026\/03\/13-1.png?w=1080&amp;ssl=1 1080w\" sizes=\"auto, (max-width: 1000px) 100vw, 1000px\" \/><button\n\t\t\tclass=\"lightbox-trigger\"\n\t\t\ttype=\"button\"\n\t\t\taria-haspopup=\"dialog\"\n\t\t\taria-label=\"Enlarge\"\n\t\t\tdata-wp-init=\"callbacks.initTriggerButton\"\n\t\t\tdata-wp-on--click=\"actions.showLightbox\"\n\t\t\tdata-wp-style--right=\"state.imageButtonRight\"\n\t\t\tdata-wp-style--top=\"state.imageButtonTop\"\n\t\t>\n\t\t\t<svg xmlns=\"http:\/\/www.w3.org\/2000\/svg\" width=\"12\" height=\"12\" fill=\"none\" viewBox=\"0 0 12 12\">\n\t\t\t\t<path fill=\"#fff\" d=\"M2 0a2 2 0 0 0-2 2v2h1.5V2a.5.5 0 0 1 .5-.5h2V0H2Zm2 10.5H2a.5.5 0 0 1-.5-.5V8H0v2a2 2 0 0 0 2 2h2v-1.5ZM8 12v-1.5h2a.5.5 0 0 0 .5-.5V8H12v2a2 2 0 0 1-2 2H8Zm2-12a2 2 0 0 1 2 2v2h-1.5V2a.5.5 0 0 0-.5-.5H8V0h2Z\" \/>\n\t\t\t<\/svg>\n\t\t<\/button><\/figure>\n<\/div>\n\n\n\n<div class=\"wp-block-column is-layout-flow wp-block-column-is-layout-flow\">\n<figure data-wp-context=\"{&quot;imageId&quot;:&quot;69e614876a061&quot;}\" data-wp-interactive=\"core\/image\" data-wp-key=\"69e614876a061\" class=\"wp-block-image size-large wp-lightbox-container\"><img data-recalc-dims=\"1\" loading=\"lazy\" decoding=\"async\" width=\"1024\" height=\"1024\" data-wp-class--hide=\"state.isContentHidden\" data-wp-class--show=\"state.isContentVisible\" data-wp-init=\"callbacks.setButtonStyles\" data-wp-on--click=\"actions.showLightbox\" data-wp-on--load=\"callbacks.setButtonStyles\" data-wp-on-window--resize=\"callbacks.setButtonStyles\" src=\"https:\/\/i0.wp.com\/skopunarsetrid.is\/wp-content\/uploads\/2026\/03\/12-1.png?resize=1024%2C1024&#038;ssl=1\" alt=\"\" class=\"wp-image-1039\" srcset=\"https:\/\/i0.wp.com\/skopunarsetrid.is\/wp-content\/uploads\/2026\/03\/12-1.png?resize=1024%2C1024&amp;ssl=1 1024w, https:\/\/i0.wp.com\/skopunarsetrid.is\/wp-content\/uploads\/2026\/03\/12-1.png?resize=300%2C300&amp;ssl=1 300w, https:\/\/i0.wp.com\/skopunarsetrid.is\/wp-content\/uploads\/2026\/03\/12-1.png?resize=150%2C150&amp;ssl=1 150w, https:\/\/i0.wp.com\/skopunarsetrid.is\/wp-content\/uploads\/2026\/03\/12-1.png?resize=768%2C768&amp;ssl=1 768w, https:\/\/i0.wp.com\/skopunarsetrid.is\/wp-content\/uploads\/2026\/03\/12-1.png?resize=600%2C600&amp;ssl=1 600w, https:\/\/i0.wp.com\/skopunarsetrid.is\/wp-content\/uploads\/2026\/03\/12-1.png?resize=100%2C100&amp;ssl=1 100w, https:\/\/i0.wp.com\/skopunarsetrid.is\/wp-content\/uploads\/2026\/03\/12-1.png?w=1080&amp;ssl=1 1080w\" sizes=\"auto, (max-width: 1000px) 100vw, 1000px\" \/><button\n\t\t\tclass=\"lightbox-trigger\"\n\t\t\ttype=\"button\"\n\t\t\taria-haspopup=\"dialog\"\n\t\t\taria-label=\"Enlarge\"\n\t\t\tdata-wp-init=\"callbacks.initTriggerButton\"\n\t\t\tdata-wp-on--click=\"actions.showLightbox\"\n\t\t\tdata-wp-style--right=\"state.imageButtonRight\"\n\t\t\tdata-wp-style--top=\"state.imageButtonTop\"\n\t\t>\n\t\t\t<svg xmlns=\"http:\/\/www.w3.org\/2000\/svg\" width=\"12\" height=\"12\" fill=\"none\" viewBox=\"0 0 12 12\">\n\t\t\t\t<path fill=\"#fff\" d=\"M2 0a2 2 0 0 0-2 2v2h1.5V2a.5.5 0 0 1 .5-.5h2V0H2Zm2 10.5H2a.5.5 0 0 1-.5-.5V8H0v2a2 2 0 0 0 2 2h2v-1.5ZM8 12v-1.5h2a.5.5 0 0 0 .5-.5V8H12v2a2 2 0 0 1-2 2H8Zm2-12a2 2 0 0 1 2 2v2h-1.5V2a.5.5 0 0 0-.5-.5H8V0h2Z\" \/>\n\t\t\t<\/svg>\n\t\t<\/button><\/figure>\n<\/div>\n<\/div>\n","protected":false},"excerpt":{"rendered":"<p>H\u00e9r a\u00f0 ne\u00f0an m\u00e1 sj\u00e1 opnunart\u00edma hvers m\u00e1na\u00f0ar fyrir sig ATH! Opnunart\u00edminn er birtur me\u00f0 fyrirvara um breytingar \u00c1 opnunart\u00edma Sk\u00f6punarsetursins er alltaf eitthva\u00f0 \u00ed gangi. Bo\u00f0i\u00f0 er upp \u00e1 vinnustofur me\u00f0 efnivi\u00f0 innif\u00f6ldum. \u00c1 sama t\u00edma er r\u00fdmi\u00f0 opi\u00f0 fyrir frj\u00e1lsa sk\u00f6pun, fyrir \u00fe\u00e1 sem vilja vinna a\u00f0 eigin verkefnum. N\u00e1nar um opnunart\u00edma m\u00e1na\u00f0arins:<\/p>\n","protected":false},"author":1,"featured_media":0,"parent":0,"menu_order":0,"comment_status":"closed","ping_status":"closed","template":"","meta":{"jetpack_post_was_ever_published":false,"footnotes":""},"class_list":["post-644","page","type-page","status-publish","hentry"],"jetpack-related-posts":[],"jetpack_sharing_enabled":true,"_links":{"self":[{"href":"https:\/\/skopunarsetrid.is\/index.php\/wp-json\/wp\/v2\/pages\/644","targetHints":{"allow":["GET"]}}],"collection":[{"href":"https:\/\/skopunarsetrid.is\/index.php\/wp-json\/wp\/v2\/pages"}],"about":[{"href":"https:\/\/skopunarsetrid.is\/index.php\/wp-json\/wp\/v2\/types\/page"}],"author":[{"embeddable":true,"href":"https:\/\/skopunarsetrid.is\/index.php\/wp-json\/wp\/v2\/users\/1"}],"replies":[{"embeddable":true,"href":"https:\/\/skopunarsetrid.is\/index.php\/wp-json\/wp\/v2\/comments?post=644"}],"version-history":[{"count":10,"href":"https:\/\/skopunarsetrid.is\/index.php\/wp-json\/wp\/v2\/pages\/644\/revisions"}],"predecessor-version":[{"id":1040,"href":"https:\/\/skopunarsetrid.is\/index.php\/wp-json\/wp\/v2\/pages\/644\/revisions\/1040"}],"wp:attachment":[{"href":"https:\/\/skopunarsetrid.is\/index.php\/wp-json\/wp\/v2\/media?parent=644"}],"curies":[{"name":"wp","href":"https:\/\/api.w.org\/{rel}","templated":true}]}}