{"id":75,"date":"2024-02-25T02:11:43","date_gmt":"2024-02-25T02:11:43","guid":{"rendered":"https:\/\/skopunarsetrid.is\/?page_id=75"},"modified":"2026-02-10T23:50:38","modified_gmt":"2026-02-10T23:50:38","slug":"um-okkur","status":"publish","type":"page","link":"https:\/\/skopunarsetrid.is\/index.php\/um-okkur\/","title":{"rendered":"Algengar spurningar"},"content":{"rendered":"\n<div class=\"wp-block-group is-layout-constrained wp-block-group-is-layout-constrained\">\n<div class=\"wp-block-columns is-layout-flex wp-container-core-columns-is-layout-28f84493 wp-block-columns-is-layout-flex\">\n<div class=\"wp-block-column is-layout-flow wp-block-column-is-layout-flow\" style=\"flex-basis:100%\">\n<h4 class=\"wp-block-heading\">Hvernig virkar sk\u00f6punarsetri\u00f0?<\/h4>\n\n\n\n<p>Sk\u00f6punarsetri\u00f0 er opi\u00f0 skapandi r\u00fdmi fyrir list og sk\u00f6pun. \u00c1 opnunart\u00edma eru alltaf vinnustofur \u00ed gangi og samhli\u00f0a \u00fev\u00ed er frj\u00e1ls sk\u00f6pun einnig \u00ed bo\u00f0i fyrir \u00fe\u00e1 sem vilja vinna a\u00f0 eigin verkefnum.<br>Meginmarkmi\u00f0 Sk\u00f6punarsetursins er a\u00f0 efla og sty\u00f0ja list og sk\u00f6pun \u00ed samf\u00e9laginu og skapa \u00f6ruggt og hvetjandi umhverfi fyrir skapandi einstaklinga.<\/p>\n\n\n\n<h4 class=\"wp-block-heading\">Fyrir hverja er Sk\u00f6punarsetri\u00f0?<\/h4>\n\n\n\n<p>Sk\u00f6punarsetri\u00f0 er fyrir alla 16 \u00e1ra og eldri. Stefnt er a\u00f0 \u00fev\u00ed a\u00f0 bj\u00f3\u00f0a s\u00ed\u00f0ar upp \u00e1 s\u00e9rt\u00edma e\u00f0a vi\u00f0bur\u00f0i fyrir b\u00f6rn undir 16 \u00e1ra aldri.<\/p>\n\n\n\n<h4 class=\"wp-block-heading\">Hva\u00f0 er h\u00e6gt a\u00f0 gera \u00e1 sta\u00f0num?<\/h4>\n\n\n\n<p>\u00cd Sk\u00f6punarsetrinu er h\u00e6gt a\u00f0 stunda fj\u00f6lbreytta list og handavinnu. \u00dear \u00e1 me\u00f0al eru:<\/p>\n\n\n\n<ul class=\"wp-block-list\">\n<li>Text\u00edllist<\/li>\n\n\n\n<li>Myndlist<\/li>\n\n\n\n<li>Leirlist<\/li>\n\n\n\n<li>Sk\u00falpt\u00far<\/li>\n\n\n\n<li>Skartgripager\u00f0<\/li>\n<\/ul>\n\n\n\n<p>og fleira tengt skapandi vinnu.<\/p>\n\n\n\n<h4 class=\"wp-block-heading\">Hva\u00f0a t\u00e6ki og t\u00f3l eru \u00ed bo\u00f0i?<\/h4>\n\n\n\n<p>\u00c1 sta\u00f0num er a\u00f0gangur a\u00f0 fj\u00f6lbreyttum t\u00e6kjum og b\u00fana\u00f0i, \u00fear \u00e1 me\u00f0al:<\/p>\n\n\n\n<ul class=\"wp-block-list\">\n<li>Bor\u00f0ofni<\/li>\n\n\n\n<li>Bor\u00f0um og st\u00f3lum<\/li>\n\n\n\n<li>Cricut Maker 4 (vinyl skeri)<\/li>\n\n\n\n<li>Hitabyssum<\/li>\n\n\n\n<li>Hitapressu<\/li>\n\n\n\n<li>L\u00edmbyssur<\/li>\n\n\n\n<li>M\u00e1lningatr\u00f6num<\/li>\n\n\n\n<li>Resin Curing Machine<\/li>\n\n\n\n<li>Saumav\u00e9lum<\/li>\n\n\n\n<li>Vefst\u00f3lum<\/li>\n<\/ul>\n\n\n\n<p>Auk \u00feess er miki\u00f0 \u00farval minni handverkf\u00e6ra og handb\u00f3ka til afnota. <\/p>\n\n\n\n<p class=\"has-small-font-size\">*Vi\u00f0 erum s\u00edfellt a\u00f0 b\u00e6ta vi\u00f0 n\u00fdjum t\u00e6kjum og b\u00fana\u00f0i eftir \u00fev\u00ed sem starfsemin \u00fer\u00f3ast.<\/p>\n\n\n\n<h4 class=\"wp-block-heading\">Er efnivi\u00f0ur \u00e1 sta\u00f0num?<\/h4>\n\n\n\n<p>Efnivi\u00f0ur innifalinn \u00ed vinnustofum og getur veri\u00f0 innifalinn \u00ed n\u00e1mskei\u00f0um. \u00c1 sta\u00f0num eru einnig vatnslitir og m\u00e1lning sem allir gestir geta n\u00fdtt s\u00e9r a\u00f0 kostna\u00f0arlausu.<\/p>\n\n\n\n<p class=\"has-small-font-size\">*Unni\u00f0 er a\u00f0 \u00fev\u00ed a\u00f0 bj\u00f3\u00f0a s\u00ed\u00f0ar upp \u00e1 valdar v\u00f6rur til s\u00f6lu og einnig bj\u00f3\u00f0a upp \u00e1 nota\u00f0 og n\u00fdtt.<\/p>\n\n\n\n<h4 class=\"wp-block-heading\">Hver er opnunart\u00edminn?<\/h4>\n\n\n\n<p>Opnunart\u00edmi Sk\u00f6punarsetursins er breytilegur. A\u00f0 jafna\u00f0i er opi\u00f0 fj\u00f3rum sinnum \u00ed viku \u00ed fj\u00f3ra klukkustundir \u00ed senn.<br>Opnunart\u00edmar hvers m\u00e1na\u00f0ar eru birtir fyrirfram, me\u00f0 fyrirvara um breytingar.<\/p>\n\n\n\n<h4 class=\"wp-block-heading\">Hvernig f\u00e6 \u00e9g a\u00f0gang a\u00f0 sta\u00f0num?<\/h4>\n\n\n\n<p>\u00dea\u00f0 er einfalt! \u00de\u00fa velur \u00feann a\u00f0gang sem hentar \u00fe\u00e9r: \u00e1skrift, vikupassa e\u00f0a dagspassa. Skr\u00e1ir \u00feig og f\u00e6r\u00f0 a\u00f0gang a\u00f0 Sk\u00f6punarsetrinu samkv\u00e6mt gildandi skilm\u00e1lum.<\/p>\n\n\n\n<h4 class=\"wp-block-heading\">Hva\u00f0 kostar a\u00f0 koma \u00ed Sk\u00f6punarsetri\u00f0?<\/h4>\n\n\n\n<p>Ver\u00f0 fer eftir \u00fev\u00ed hvort valin er \u00e1skrift, dagspassi e\u00f0a vikupassi. N\u00e1nari uppl\u00fdsingar um ver\u00f0 og ver\u00f0skr\u00e1 m\u00e1 finna <a href=\"https:\/\/skopunarsetrid.is\/index.php\/verdskra\/\">h\u00e9r<\/a>.<\/p>\n\n\n\n<h4 class=\"wp-block-heading\">Er h\u00e6gt a\u00f0 geyma \u00f3kl\u00e1ru\u00f0 verk hj\u00e1 ykkur?<\/h4>\n\n\n\n<p>Vi\u00f0 erum me\u00f0 hillur \u00fear sem h\u00e6gt er a\u00f0 geyma \u00f3kl\u00e1ru\u00f0 verk. Hver og einn ber \u00fe\u00f3 \u00e1byrg\u00f0 \u00e1 s\u00ednum verkum og eignum sem geymdar eru \u00e1 sta\u00f0num.<\/p>\n\n\n\n<h4 class=\"wp-block-heading\">Bj\u00f3\u00f0i\u00f0 \u00fei\u00f0 upp \u00e1 n\u00e1mskei\u00f0?<\/h4>\n\n\n\n<p>J\u00e1, stefnt er a\u00f0 \u00fev\u00ed a\u00f0 halda reglulega n\u00e1mskei\u00f0 og vi\u00f0bur\u00f0i tengda list og sk\u00f6pun. Uppl\u00fdsingar um komandi n\u00e1mskei\u00f0 ver\u00f0a augl\u00fdstar s\u00e9rstaklega.<\/p>\n<\/div>\n<\/div>\n\n\n\n<p><\/p>\n<\/div>\n\n\n\n<p>Ef \u00fe\u00fa hefur frekari spurningar sendur okkur l\u00ednu \u00e1 hafasamband@skopunarsetrid.is<\/p>\n\n\n\n<p><\/p>\n","protected":false},"excerpt":{"rendered":"<p>Hvernig virkar sk\u00f6punarsetri\u00f0? Sk\u00f6punarsetri\u00f0 er opi\u00f0 skapandi r\u00fdmi fyrir list og sk\u00f6pun. \u00c1 opnunart\u00edma eru alltaf vinnustofur \u00ed gangi og samhli\u00f0a \u00fev\u00ed er frj\u00e1ls sk\u00f6pun einnig \u00ed bo\u00f0i fyrir \u00fe\u00e1 sem vilja vinna a\u00f0 eigin verkefnum.Meginmarkmi\u00f0 Sk\u00f6punarsetursins er a\u00f0 efla og sty\u00f0ja list og sk\u00f6pun \u00ed samf\u00e9laginu og skapa \u00f6ruggt og hvetjandi umhverfi fyrir skapandi [&hellip;]<\/p>\n","protected":false},"author":1,"featured_media":0,"parent":0,"menu_order":0,"comment_status":"closed","ping_status":"closed","template":"","meta":{"jetpack_post_was_ever_published":false,"footnotes":""},"class_list":["post-75","page","type-page","status-publish","hentry"],"jetpack-related-posts":[],"jetpack_sharing_enabled":true,"_links":{"self":[{"href":"https:\/\/skopunarsetrid.is\/index.php\/wp-json\/wp\/v2\/pages\/75","targetHints":{"allow":["GET"]}}],"collection":[{"href":"https:\/\/skopunarsetrid.is\/index.php\/wp-json\/wp\/v2\/pages"}],"about":[{"href":"https:\/\/skopunarsetrid.is\/index.php\/wp-json\/wp\/v2\/types\/page"}],"author":[{"embeddable":true,"href":"https:\/\/skopunarsetrid.is\/index.php\/wp-json\/wp\/v2\/users\/1"}],"replies":[{"embeddable":true,"href":"https:\/\/skopunarsetrid.is\/index.php\/wp-json\/wp\/v2\/comments?post=75"}],"version-history":[{"count":20,"href":"https:\/\/skopunarsetrid.is\/index.php\/wp-json\/wp\/v2\/pages\/75\/revisions"}],"predecessor-version":[{"id":1011,"href":"https:\/\/skopunarsetrid.is\/index.php\/wp-json\/wp\/v2\/pages\/75\/revisions\/1011"}],"wp:attachment":[{"href":"https:\/\/skopunarsetrid.is\/index.php\/wp-json\/wp\/v2\/media?parent=75"}],"curies":[{"name":"wp","href":"https:\/\/api.w.org\/{rel}","templated":true}]}}