{"id":8,"date":"2024-02-23T20:06:55","date_gmt":"2024-02-23T20:06:55","guid":{"rendered":"https:\/\/skopunarsetrid.is\/index.php\/cart\/"},"modified":"2026-02-02T20:15:06","modified_gmt":"2026-02-02T20:15:06","slug":"karfa","status":"publish","type":"page","link":"https:\/\/skopunarsetrid.is\/index.php\/karfa\/","title":{"rendered":"Karfan m\u00edn"},"content":{"rendered":"\n<div data-block-name=\"woocommerce\/cart\" class=\"wp-block-woocommerce-cart alignwide is-loading\">\n<div data-block-name=\"woocommerce\/filled-cart-block\" class=\"wp-block-woocommerce-filled-cart-block\">\n<div data-block-name=\"woocommerce\/cart-items-block\" class=\"wp-block-woocommerce-cart-items-block\">\n<div data-block-name=\"woocommerce\/cart-line-items-block\" class=\"wp-block-woocommerce-cart-line-items-block\"><\/div>\n\n\n\n<div data-block-name=\"woocommerce\/cart-cross-sells-block\" class=\"wp-block-woocommerce-cart-cross-sells-block\">\n<h2 class=\"wp-block-heading has-large-font-size\">V\u00f6rur sem \u00fe\u00fa g\u00e6tir haft \u00e1huga \u00e1\u2026<\/h2>\n\n\n\n<div data-block-name=\"woocommerce\/cart-cross-sells-products-block\" class=\"wp-block-woocommerce-cart-cross-sells-products-block\"><\/div>\n<\/div>\n<\/div>\n\n\n\n<div data-block-name=\"woocommerce\/cart-totals-block\" class=\"wp-block-woocommerce-cart-totals-block\">\n<div data-block-name=\"woocommerce\/cart-order-summary-block\" class=\"wp-block-woocommerce-cart-order-summary-block\">\n<div data-block-name=\"woocommerce\/cart-order-summary-heading-block\" data-content=\"\u00de\u00edn p\u00f6ntun\" class=\"wp-block-woocommerce-cart-order-summary-heading-block\"><\/div>\n\n\n\n<div data-block-name=\"woocommerce\/cart-order-summary-coupon-form-block\" class=\"wp-block-woocommerce-cart-order-summary-coupon-form-block\"><\/div>\n\n\n\n<div data-block-name=\"woocommerce\/cart-order-summary-totals-block\" class=\"wp-block-woocommerce-cart-order-summary-totals-block\">\n<div data-block-name=\"woocommerce\/cart-order-summary-subtotal-block\" class=\"wp-block-woocommerce-cart-order-summary-subtotal-block\"><\/div>\n\n\n\n<div data-block-name=\"woocommerce\/cart-order-summary-fee-block\" class=\"wp-block-woocommerce-cart-order-summary-fee-block\"><\/div>\n\n\n\n<div data-block-name=\"woocommerce\/cart-order-summary-discount-block\" class=\"wp-block-woocommerce-cart-order-summary-discount-block\"><\/div>\n\n\n\n<div data-block-name=\"woocommerce\/cart-order-summary-shipping-block\" class=\"wp-block-woocommerce-cart-order-summary-shipping-block\"><\/div>\n\n\n\n<div data-block-name=\"woocommerce\/cart-order-summary-taxes-block\" class=\"wp-block-woocommerce-cart-order-summary-taxes-block\"><\/div>\n<\/div>\n<\/div>\n\n\n\n\n\n<div data-block-name=\"woocommerce\/proceed-to-checkout-block\" data-button-label=\"Halda \u00e1fram \u00ed grei\u00f0slu\" class=\"wp-block-woocommerce-proceed-to-checkout-block\"><\/div>\n\n\n\n<div data-block-name=\"woocommerce\/cart-accepted-payment-methods-block\" class=\"wp-block-woocommerce-cart-accepted-payment-methods-block\"><\/div>\n<\/div>\n<\/div>\n\n\n\n<div data-block-name=\"woocommerce\/empty-cart-block\" class=\"wp-block-woocommerce-empty-cart-block\">\n<h2 class=\"wp-block-heading has-text-align-center with-empty-cart-icon wc-block-cart__empty-cart__title\">Karfan \u00fe\u00edn er t\u00f3m!<\/h2>\n\n\n\n<hr class=\"wp-block-separator has-alpha-channel-opacity is-style-dots\"\/>\n\n\n\n<h2 class=\"wp-block-heading has-text-align-center\">New in store<\/h2>\n\n\n<div data-block-name=\"woocommerce\/product-new\" data-columns=\"4\" data-rows=\"1\" class=\"wc-block-grid wp-block-product-new wp-block-woocommerce-product-new wc-block-product-new has-4-columns\"><ul class=\"wc-block-grid__products\"><li class=\"wc-block-grid__product\">\n\t\t\t\t<a href=\"https:\/\/skopunarsetrid.is\/index.php\/product\/ljod-og-lettvin\/\" class=\"wc-block-grid__product-link\">\n\t\t\t\t\t\n\t\t\t\t\t<div class=\"wc-block-grid__product-image\"><img loading=\"lazy\" decoding=\"async\" width=\"300\" height=\"300\" src=\"https:\/\/i0.wp.com\/skopunarsetrid.is\/wp-content\/uploads\/2026\/01\/14-Februar-2026.png?resize=300%2C300&amp;ssl=1\" class=\"attachment-woocommerce_thumbnail size-woocommerce_thumbnail\" alt=\"Lj\u00f3\u00f0 og l\u00e9ttv\u00edn\" srcset=\"https:\/\/i0.wp.com\/skopunarsetrid.is\/wp-content\/uploads\/2026\/01\/14-Februar-2026.png?resize=150%2C150&amp;ssl=1 150w, https:\/\/i0.wp.com\/skopunarsetrid.is\/wp-content\/uploads\/2026\/01\/14-Februar-2026.png?resize=300%2C300&amp;ssl=1 300w, https:\/\/i0.wp.com\/skopunarsetrid.is\/wp-content\/uploads\/2026\/01\/14-Februar-2026.png?resize=100%2C100&amp;ssl=1 100w, https:\/\/i0.wp.com\/skopunarsetrid.is\/wp-content\/uploads\/2026\/01\/14-Februar-2026.png?zoom=2&amp;resize=300%2C300&amp;ssl=1 600w, https:\/\/i0.wp.com\/skopunarsetrid.is\/wp-content\/uploads\/2026\/01\/14-Februar-2026.png?zoom=3&amp;resize=300%2C300&amp;ssl=1 900w\" sizes=\"auto, (max-width: 300px) 100vw, 300px\" \/><\/div>\n\t\t\t\t\t<div class=\"wc-block-grid__product-title\">Lj\u00f3\u00f0 og l\u00e9ttv\u00edn<\/div>\n\t\t\t\t<\/a>\n\t\t\t\t<div class=\"wc-block-grid__product-price price\"><span class=\"woocommerce-Price-amount amount\">1.500&nbsp;<span class=\"woocommerce-Price-currencySymbol\">kr.<\/span><\/span><\/div>\n\t\t\t\t\n\t\t\t\t<div class=\"wp-block-button wc-block-grid__product-add-to-cart\"><a href=\"https:\/\/skopunarsetrid.is\/index.php\/product\/ljod-og-lettvin\/\" aria-label=\"Add to cart: &ldquo;Lj\u00f3\u00f0 og l\u00e9ttv\u00edn&rdquo;\" data-quantity=\"1\" data-product_id=\"954\" data-product_sku=\"20\" data-price=\"1500\" rel=\"nofollow\" class=\"wp-block-button__link wp-element-button add_to_cart_button\">Select options<\/a><\/div>\n\t\t\t<\/li><li class=\"wc-block-grid__product\">\n\t\t\t\t<a href=\"https:\/\/skopunarsetrid.is\/index.php\/product\/macrame-namskeid-blomaverk\/\" class=\"wc-block-grid__product-link\">\n\t\t\t\t\t\n\t\t\t\t\t<div class=\"wc-block-grid__product-image\"><img loading=\"lazy\" decoding=\"async\" width=\"300\" height=\"300\" src=\"https:\/\/i0.wp.com\/skopunarsetrid.is\/wp-content\/uploads\/2026\/01\/Macrame-namskeid_-Blomaverk_20260117_093113_0000-1.png?resize=300%2C300&amp;ssl=1\" class=\"attachment-woocommerce_thumbnail size-woocommerce_thumbnail\" alt=\"Macrame n\u00e1mskei\u00f0: Bl\u00f3maverk\" srcset=\"https:\/\/i0.wp.com\/skopunarsetrid.is\/wp-content\/uploads\/2026\/01\/Macrame-namskeid_-Blomaverk_20260117_093113_0000-1.png?resize=150%2C150&amp;ssl=1 150w, https:\/\/i0.wp.com\/skopunarsetrid.is\/wp-content\/uploads\/2026\/01\/Macrame-namskeid_-Blomaverk_20260117_093113_0000-1.png?resize=300%2C300&amp;ssl=1 300w, https:\/\/i0.wp.com\/skopunarsetrid.is\/wp-content\/uploads\/2026\/01\/Macrame-namskeid_-Blomaverk_20260117_093113_0000-1.png?resize=100%2C100&amp;ssl=1 100w, https:\/\/i0.wp.com\/skopunarsetrid.is\/wp-content\/uploads\/2026\/01\/Macrame-namskeid_-Blomaverk_20260117_093113_0000-1.png?zoom=2&amp;resize=300%2C300&amp;ssl=1 600w, https:\/\/i0.wp.com\/skopunarsetrid.is\/wp-content\/uploads\/2026\/01\/Macrame-namskeid_-Blomaverk_20260117_093113_0000-1.png?zoom=3&amp;resize=300%2C300&amp;ssl=1 900w\" sizes=\"auto, (max-width: 300px) 100vw, 300px\" \/><\/div>\n\t\t\t\t\t<div class=\"wc-block-grid__product-title\">Macrame n\u00e1mskei\u00f0: Bl\u00f3maverk<\/div>\n\t\t\t\t<\/a>\n\t\t\t\t<div class=\"wc-block-grid__product-price price\"><span class=\"woocommerce-Price-amount amount\">10.500&nbsp;<span class=\"woocommerce-Price-currencySymbol\">kr.<\/span><\/span><\/div>\n\t\t\t\t\n\t\t\t\t<div class=\"wp-block-button wc-block-grid__product-add-to-cart\"><a href=\"https:\/\/skopunarsetrid.is\/index.php\/product\/macrame-namskeid-blomaverk\/\" aria-label=\"Add to cart: &ldquo;Macrame n\u00e1mskei\u00f0: Bl\u00f3maverk&rdquo;\" data-quantity=\"1\" data-product_id=\"923\" data-product_sku=\"12-1\" data-price=\"10500\" rel=\"nofollow\" class=\"wp-block-button__link wp-element-button add_to_cart_button\">Select options<\/a><\/div>\n\t\t\t<\/li><\/ul><\/div><\/div>\n<\/div>\n","protected":false},"excerpt":{"rendered":"","protected":false},"author":1,"featured_media":0,"parent":0,"menu_order":0,"comment_status":"closed","ping_status":"closed","template":"","meta":{"jetpack_post_was_ever_published":false,"footnotes":""},"class_list":["post-8","page","type-page","status-publish","hentry"],"jetpack-related-posts":[],"jetpack_sharing_enabled":true,"_links":{"self":[{"href":"https:\/\/skopunarsetrid.is\/index.php\/wp-json\/wp\/v2\/pages\/8","targetHints":{"allow":["GET"]}}],"collection":[{"href":"https:\/\/skopunarsetrid.is\/index.php\/wp-json\/wp\/v2\/pages"}],"about":[{"href":"https:\/\/skopunarsetrid.is\/index.php\/wp-json\/wp\/v2\/types\/page"}],"author":[{"embeddable":true,"href":"https:\/\/skopunarsetrid.is\/index.php\/wp-json\/wp\/v2\/users\/1"}],"replies":[{"embeddable":true,"href":"https:\/\/skopunarsetrid.is\/index.php\/wp-json\/wp\/v2\/comments?post=8"}],"version-history":[{"count":3,"href":"https:\/\/skopunarsetrid.is\/index.php\/wp-json\/wp\/v2\/pages\/8\/revisions"}],"predecessor-version":[{"id":732,"href":"https:\/\/skopunarsetrid.is\/index.php\/wp-json\/wp\/v2\/pages\/8\/revisions\/732"}],"wp:attachment":[{"href":"https:\/\/skopunarsetrid.is\/index.php\/wp-json\/wp\/v2\/media?parent=8"}],"curies":[{"name":"wp","href":"https:\/\/api.w.org\/{rel}","templated":true}]}}