{"id":923,"date":"2026-01-17T09:34:01","date_gmt":"2026-01-17T09:34:01","guid":{"rendered":"https:\/\/skopunarsetrid.is\/?post_type=product&#038;p=923"},"modified":"2026-01-23T12:34:34","modified_gmt":"2026-01-23T12:34:34","slug":"macrame-namskeid-blomaverk","status":"publish","type":"product","link":"https:\/\/skopunarsetrid.is\/index.php\/product\/macrame-namskeid-blomaverk\/","title":{"rendered":"Macrame n\u00e1mskei\u00f0: Bl\u00f3maverk"},"content":{"rendered":"<p data-start=\"893\" data-end=\"920\"><strong>Hven\u00e6r?<\/strong><\/p>\n<p data-start=\"893\" data-end=\"920\">Laugardaginn 25. jan\u00faar, kl. 14 &#8211; 18<\/p>\n<p data-start=\"893\" data-end=\"920\"><strong>Hvar?<\/strong><\/p>\n<p data-start=\"893\" data-end=\"920\">Flugvallarbraut 752<\/p>\n<p data-start=\"893\" data-end=\"920\">262 Reykjanesb\u00e6r<\/p>\n<p data-start=\"893\" data-end=\"920\"><strong data-start=\"896\" data-end=\"918\">Hva\u00f0 er innifali\u00f0?<\/strong><\/p>\n<ul data-start=\"921\" data-end=\"1085\">\n<li data-start=\"921\" data-end=\"946\">\n<p data-start=\"923\" data-end=\"946\">Allt efni<\/p>\n<\/li>\n<li data-start=\"947\" data-end=\"994\">\n<p data-start=\"949\" data-end=\"994\">Lei\u00f0s\u00f6gn fr\u00e1 reynslumikilli text\u00edllistakonu<\/p>\n<\/li>\n<li data-start=\"995\" data-end=\"1037\">\n<p data-start=\"997\" data-end=\"1037\">L\u00e9ttar veitingar<\/p>\n<\/li>\n<li data-start=\"995\" data-end=\"1037\">\n<p data-start=\"997\" data-end=\"1037\">Notaleg stemning<\/p>\n<\/li>\n<li data-start=\"995\" data-end=\"1037\">\n<p data-start=\"997\" data-end=\"1037\">Handgert verk sem \u00fe\u00fa tekur me\u00f0 \u00fe\u00e9r heim<\/p>\n<\/li>\n<\/ul>\n<p data-start=\"1040\" data-end=\"1085\"><strong>\u00c1 \u00feessu n\u00e1mskei\u00f0i l\u00e6rir \u00fe\u00fa:<\/strong><\/p>\n<ul>\n<li>Grunnhn\u00fatana \u00ed macrame<\/li>\n<li data-start=\"688\" data-end=\"753\">\n<p data-start=\"690\" data-end=\"753\">Hagn\u00fdtar hn\u00fdtingara\u00f0fer\u00f0ir<\/p>\n<\/li>\n<li data-start=\"688\" data-end=\"753\">\n<p data-start=\"690\" data-end=\"753\">A\u00f0 b\u00faa bl\u00f3m me\u00f0 hn\u00fdtingum<\/p>\n<\/li>\n<\/ul>\n","protected":false},"excerpt":{"rendered":"<p><!--more-->B\u00e6ttu vi\u00f0 sm\u00e1 bl\u00f3mum \u00ed tilveruna og l\u00e6r\u00f0u a\u00f0 b\u00faa til fallegt, handgert macrame bl\u00f3maverk \u00far n\u00e1tt\u00farulegum efnum. \u00deetta n\u00e1mskei\u00f0 hentar b\u00e6\u00f0i byrjendum og lengra komna.<\/p>\n<p><strong>Vinsamlegast smelltu \u00e1 myndina fyrir n\u00e1nari l\u00fdsingu og til a\u00f0 skr\u00e1 \u00feig.<\/strong><\/p>\n<p>&nbsp;<\/p>\n","protected":false},"featured_media":925,"comment_status":"open","ping_status":"closed","template":"","meta":{"jetpack_post_was_ever_published":false},"product_brand":[],"product_cat":[51],"product_tag":[],"class_list":{"0":"post-923","1":"product","2":"type-product","3":"status-publish","4":"has-post-thumbnail","6":"product_cat-vorur","8":"first","9":"instock","10":"virtual","11":"purchasable","12":"product-type-simple"},"jetpack-related-posts":[],"jetpack_sharing_enabled":true,"_links":{"self":[{"href":"https:\/\/skopunarsetrid.is\/index.php\/wp-json\/wp\/v2\/product\/923","targetHints":{"allow":["GET"]}}],"collection":[{"href":"https:\/\/skopunarsetrid.is\/index.php\/wp-json\/wp\/v2\/product"}],"about":[{"href":"https:\/\/skopunarsetrid.is\/index.php\/wp-json\/wp\/v2\/types\/product"}],"replies":[{"embeddable":true,"href":"https:\/\/skopunarsetrid.is\/index.php\/wp-json\/wp\/v2\/comments?post=923"}],"wp:featuredmedia":[{"embeddable":true,"href":"https:\/\/skopunarsetrid.is\/index.php\/wp-json\/wp\/v2\/media\/925"}],"wp:attachment":[{"href":"https:\/\/skopunarsetrid.is\/index.php\/wp-json\/wp\/v2\/media?parent=923"}],"wp:term":[{"taxonomy":"product_brand","embeddable":true,"href":"https:\/\/skopunarsetrid.is\/index.php\/wp-json\/wp\/v2\/product_brand?post=923"},{"taxonomy":"product_cat","embeddable":true,"href":"https:\/\/skopunarsetrid.is\/index.php\/wp-json\/wp\/v2\/product_cat?post=923"},{"taxonomy":"product_tag","embeddable":true,"href":"https:\/\/skopunarsetrid.is\/index.php\/wp-json\/wp\/v2\/product_tag?post=923"}],"curies":[{"name":"wp","href":"https:\/\/api.w.org\/{rel}","templated":true}]}}